{"id":29150,"date":"2023-04-27T14:17:58","date_gmt":"2023-04-27T12:17:58","guid":{"rendered":"https:\/\/landretrieve.com\/terms-and-conditions\/"},"modified":"2024-10-16T16:30:37","modified_gmt":"2024-10-16T14:30:37","slug":"terms-and-conditions","status":"publish","type":"page","link":"https:\/\/landretrieve.com\/en\/terms-and-conditions\/","title":{"rendered":"Terms and Conditions"},"content":{"rendered":"\t\t<div data-elementor-type=\"wp-page\" data-elementor-id=\"29150\" class=\"elementor elementor-29150 elementor-20425\" data-elementor-post-type=\"page\">\n\t\t\t\t<div class=\"elementor-element elementor-element-4d8c7ec e-flex e-con-boxed e-con e-parent\" data-id=\"4d8c7ec\" data-element_type=\"container\" data-e-type=\"container\" data-settings=\"{&quot;background_background&quot;:&quot;classic&quot;}\">\n\t\t\t\t\t<div class=\"e-con-inner\">\n\t\t<div class=\"elementor-element elementor-element-0d7935f e-flex e-con-boxed e-con e-child\" data-id=\"0d7935f\" data-element_type=\"container\" data-e-type=\"container\">\n\t\t\t\t\t<div class=\"e-con-inner\">\n\t\t\t\t<div class=\"elementor-element elementor-element-262c2d6 elementor-widget elementor-widget-heading\" data-id=\"262c2d6\" data-element_type=\"widget\" data-e-type=\"widget\" data-widget_type=\"heading.default\">\n\t\t\t\t<div class=\"elementor-widget-container\">\n\t\t\t\t\t<h1 class=\"elementor-heading-title elementor-size-default\">Terms and Conditions<\/h1>\t\t\t\t<\/div>\n\t\t\t\t<\/div>\n\t\t\t\t\t<\/div>\n\t\t\t\t<\/div>\n\t\t\t\t\t<\/div>\n\t\t\t\t<\/div>\n\t\t<div class=\"elementor-element elementor-element-033dcf3 e-flex e-con-boxed e-con e-parent\" data-id=\"033dcf3\" data-element_type=\"container\" data-e-type=\"container\" data-settings=\"{&quot;background_background&quot;:&quot;classic&quot;}\">\n\t\t\t\t\t<div class=\"e-con-inner\">\n\t\t<div class=\"elementor-element elementor-element-1c65dc0 e-con-full e-flex e-con e-child\" data-id=\"1c65dc0\" data-element_type=\"container\" data-e-type=\"container\" data-settings=\"{&quot;background_background&quot;:&quot;classic&quot;}\">\n\t\t\t\t<div class=\"elementor-element elementor-element-f40fe72 elementor-widget elementor-widget-text-editor\" data-id=\"f40fe72\" data-element_type=\"widget\" data-e-type=\"widget\" data-widget_type=\"text-editor.default\">\n\t\t\t\t<div class=\"elementor-widget-container\">\n\t\t\t\t\t\t\t\t\t<p><strong>CONDIZIONI E TERMINI DEL SERVIZIO<\/strong><\/p>\n<p>Il sito web landRetrieteve.com \u00e8 di propriet\u00e0 dell\u2019 impresa individuale SB.Land di Silvi Bishanaj, con sede in Certaldo, Via M. Buonarroti, 13, p.iva 07385730481 (di seguito, Titolare). L\u2019accesso al sito web e l\u2019uso dei servizi forniti implica il rispetto e l\u2019accettazione delle presenti Condizioni Generali di Uso (di seguito, \u201cCondizioni generali\u201d)<\/p>\n<p><strong>Status di utilizzatore del sito web e dei servizi<\/strong><\/p>\n<p>L&#8217;utilizzo di qualsiasi servizio offerto dal Sito (di seguito: \u201cServizio\u201d o \u201cServizi\u201d) attribuisce all\u2019utilizzatore lo status di Utente (di seguito: \u201cUtente\u201d o \u201cUtenti\u201d). In genere l\u2019Utente non \u00e8 tenuto a registrarsi per l&#8217;accesso ai servizi offerti dal Sito, tuttavia per l&#8217;utilizzo di alcuni Servizi pu\u00f2 essere richiesta la registrazione degli Utenti. Questa registrazione si effettuer\u00e0 nella forma espressamente segnalata nel relativo Servizio, nella apposita sezione del sito web \u201cRegistrati\u201d.<\/p>\n<p>I Servizi offerti all\u2019Utente attraverso il Sito sono prevalentemente gratuiti. Tuttavia, altri servizi offerti sono a pagamento, tramite un abbonamento. Il pagamento dell\u2019abbonamento (di seguito, \u201cabbonamento\u201d) si intende l\u2019acquisto da parte dell\u2019Utente professionale di funzionalit\u00e0 aggiuntive descritte specificatamente nel processo di pubblicazione annunci all\u2019interno di Sito.<\/p>\n<p>In relazione all&#8217;utilizzo del Sito web vi sono due tipologie di Utenti: gli Utenti Semplici e gli Utenti Professionali.<\/p>\n<p>Gli Utenti Semplici sono privati (ma anche professionisti che utilizzano il Sito con obiettivi diversi da quelli degli Utenti Professionali, definiti in seguito) e sono definiti come tali per l\u2019utilizzo del Sito con l\u2019obiettivo di ricerca immobili e di ricerca di informazioni relativi a immobili. Gli Utenti Semplici possono accedere ad alcuni servizi (es. vedere alcuni annunci di immobili pubblicati) navigando nel sito web, mentre per altri servizi (es. ricezione di avvisi di annunci di immobili di interesse o simili alla ricerca e luogo di interesse, Newsletter) \u00e8 necessario registrarsi, come sopra descritto.<\/p>\n<p>Gli Utenti Professionali sono agenti immobiliari, imprese edili, altri professionisti e societ\u00e0 operanti nel settore immobiliare che utilizzano il Sito per fornire servizi agli Utenti Semplici. Gli Utenti Professionali possono accedere ai servizi a loro destinati solo dopo avere contattato il Titolare per chiederne l\u2019abilitazione, legata alla stipula di un contratto di servizio (di seguito \u201cContratto di Servizio\u201d), verso pagamento periodico dell\u2019abbonamento.<\/p>\n<p>Ogni questione relativa alla fatturazione, ivi comprese le ipotesi di cambi o rettifiche di intestazioni e importi ed emissione di note di credito, dovr\u00e0 essere gestita dall\u2019Utente Professionale contattando direttamente l\u2019amministrazione LandRetrieve.com al seguente indirizzo: <a href=\"mailto:info@landretrieve.com\">info@landretrieve.com<\/a>\u00a0<\/p>\n<p>Al fine di accertare la qualifica degli Utenti, il Titolare pu\u00f2 effettuare appositi controlli sia prima della pubblicazione degli annunci sia successivamente alla stessa. Qualora l&#8217;Utente non collabori o non fornisca riscontro alle richieste del Titolare, il Titolare si riserva il diritto di non pubblicare e\/o cancellare l&#8217;annuncio a lui riferibile.<\/p>\n<p>Divieto di uso dei servizi a Utenti Minori<\/p>\n<p>L\u2019utilizzo dei Servizi \u00e8 limitato esclusivamente ai maggiorenni. Per utilizzare il Servizio i minori devono avere precedentemente ottenuto il permesso dei genitori, tutori o rappresentanti legali, che saranno responsabili di tutti gli atti realizzati attraverso il Sito da parte di minori a loro affidati.<\/p>\n<p>Qualora il Titolare dovesse venire a conoscenza del trattamento di dati di minori di 18 anni di et\u00e0 senza un valido consenso dei genitori o di un tutore legale, si riserva il diritto di interrompere unilateralmente la fruizione del servizio offerto nonch\u00e9 di cancellare i dati acquisiti.<\/p>\n<p>Usi Consentiti e Vietati<\/p>\n<p>\u00c8 vietato svolgere, direttamente o indirettamente, qualsiasi forma di sfruttamento commerciale dei Servizi attraverso l\u2019accesso, l&#8217;uso, il trasferimento di informazioni contenute nel Sito. La violazione di questo divieto sar\u00e0 perseguita a norma di legge. L&#8217;Utente riconosce e accetta che l&#8217;uso del contenuto e\/o dei Servizi offerti da Sito \u00e8 a proprio esclusivo rischio e sotto la sua responsabilit\u00e0.<\/p>\n<p>L&#8217;Utente si impegna a utilizzare il Sito e tutti i contenuti e Servizi in conformit\u00e0 alla legge, al buon costume, ordine pubblico e secondo quanto previsto in queste Condizioni. Allo stesso modo si impegna inoltre a fare un uso appropriato dei Servizi e\/o dei contenuti del Sito e a non impiegarli per attivit\u00e0 illecite, contrarie alla buona fede o delittuose, violare i diritti di terzi e\/o regolamenti che violano la propriet\u00e0 intellettuale, o di qualsiasi altra norma dell\u2019ordinamento giuridico.<\/p>\n<p>In particolare, l&#8217;Utente Professionale si impegna a non trasmettere, introdurre, distribuire e rendere disponibili a terzi, qualsiasi materiale e informazione (dati, messaggi, immagini, file audio e immagini, fotografie, ecc.) che siano in contrasto con la legge, la morale, l&#8217;ordine pubblico e le presenti Condizioni. \u00c8 proibito l&#8217;uso del Sito per scopi diversi da quelli previsti dal Titolare.<\/p>\n<p>Inoltre, il Titolare si riserva il diritto di non concedere l&#8217;accesso a servizi e contenuti del Sito ad insindacabile giudizio della sua politica commerciale. Allo stesso modo si riserva il diritto di revocare l&#8217;accesso alle sue pagine senza preavviso a qualsiasi Utente che violi le disposizioni delle presenti informazioni legali o che possano recare danni all\u2019immagine del Sito Web (esempio recensioni negative sulle agenzie immobiliari, professionali convenzionate, Utenti Professionali)<\/p>\n<p>Propriet\u00e0 Intellettuale<\/p>\n<p>Il Titolare \u00e8 il legittimo proprietario di Sito, delle pagine che le stesse comprendono, le informazioni o elementi contenuti nei testi, documenti, fotografie, disegni, grafica, database, software, loghi, marchi, nomi commerciali o altri segni protetti da diritti di propriet\u00e0 intellettuale o industriale.<\/p>\n<p>A meno che non sia espressamente autorizzato dal Titolare o da terzi detentori dei corrispondenti diritti, oppure a meno che non sia legalmente autorizzato, l&#8217;Utente non pu\u00f2 riprodurre, trasformare, modificare, decodificare, distribuire, affittare, mettere a disposizione di chiunque o consentire l&#8217;accesso attraverso ogni forma di comunicazione al pubblico di qualsiasi degli elementi menzionati al punto precedente.<\/p>\n<p>Garanzie e Responsabilit\u00e0<\/p>\n<p>Il Titolare non garantisce la continuit\u00e0 di accesso n\u00e9 la corretta visualizzazione, il download o l&#8217;utilizzo degli elementi e delle informazioni contenute nelle pagine del Sito, che possono essere impediti, ostacolati o interrotti da fattori o circostanze al di fuori del suo controllo. Il Titolare non \u00e8 responsabile per le informazioni e altri contenuti integrati in zone o siti di terzi accessibili da Sito. Il Titolare non si assume alcuna responsabilit\u00e0 per quanto riguarda le informazioni, contenuti, prodotti e servizi offerti o forniti attraverso il Sito da terze persone o entit\u00e0.<\/p>\n<p>N\u00e9 il Titolare, n\u00e9 i fornitori terzi di informazioni assumono alcuna responsabilit\u00e0 per eventuali danni, perdite, reclami o spese derivanti da: (i) interferenze, interruzioni, errori, omissioni, guasti telefonici, ritardi, blocchi o sconnessioni nel funzionamento del sistema elettronico causati da carenze, errori e sovraccarichi sulle linee e le reti di telecomunicazioni, o per qualsiasi altra causa al di fuori del controllo del Titolare, (ii) l&#8217;impiego di qualsiasi programma illegale e\/o maligno e con ogni tipo di media, come ad esempio virus o quant\u2019altro, (iii) l&#8217;uso improprio o scorretto del Sito del Titolare, (iv) la sicurezza di navigazione o errori causati da un cattivo funzionamento del browser o di versioni non aggiornate dei browser stessi, oppure da hardware obsoleto dell\u2019Utilizzatore del Sito.<\/p>\n<p>Contrattazione con Terze Parti attraverso il Sito<\/p>\n<p>L&#8217;Utente riconosce e accetta che qualsiasi relazione contrattuale o extracontrattuale formalizzata tra gli Utenti Professionali ( grazie alle inserzioni, annunci pubblicati sul Sito e gli Utenti Semplici (privati, interessati agli annunci) contattati attraverso il Sito, saranno effettuati solo ed esclusivamente tra le parti sopra descritte, esonerando il Titolare da ogni responsabilit\u00e0 per eventuali danni di qualsiasi natura in relazione con i negoziati, conversazioni e\/o obbligazioni contrattuali con gli tra gli Utenti Professionali e gli Utenti Semplici o o terze persone fisiche o giuridiche coinvolte dai medesimi.<\/p>\n<p>Consultazione degli Annunci<\/p>\n<p>La ricerca delle informazioni nel Sito e App e la visualizzazione degli annunci \u00e8 effettuata tramite procedure automatiche, il Titolare declina ogni responsabilit\u00e0 in merito alla qualit\u00e0 dei risultati offerti, al contenuto, all&#8217;accuratezza, alla veridicit\u00e0 e alla rispondenza alle regole contenute nelle presenti Condizioni.<\/p>\n<p>\u00c8 comunque possibile segnalare eventuali annunci illegali, truffaldini, sospetti o che non rispettino le regole previste da queste Condizioni inviando una segnalazione via mail <a href=\"mailto:info@landretrieve.com\">info@landretrieve.com<\/a>. La medesima sezione potr\u00e0 essere utilizzata per presentare un reclamo contro la decisione assunta dal Titolare a seguito della segnalazione ricevuta. Contro le decisioni assunte dal Titolare in merito alle segnalazioni e agli eventuali reclami, l\u2019Utente pu\u00f2 adire qualunque organismo di risoluzione extragiudiziale delle controversie certificato dal coordinatore dei servizi digitali nominato ai sensi della normativa europea sui servizi digitali o l\u2019autorit\u00e0 giudiziaria.<\/p>\n<p>Gli annunci presenti sul Sito vengono pubblicati dal Titolare in base al Contratto di Servizio in essere con l\u2019Utente Professionale (agenzie immobiliari, imprese edili, altri professionisti) e alle informazioni che quest\u2019ultimo fornisce, senza alcun controllo e forme di garanzie del Titolare sulla veridicit\u00e0, correttezza, completezza degli annunci pubblicati.<\/p>\n<p>Privacy e Protezione dei Dati Personali<\/p>\n<p>I dati personali degli Utenti sono trattati in conformit\u00e0 alle norme vigenti. Per ulteriori informazioni, si prega di prendere visione della Privacy Policy presente nell\u2019apposita sezione del Sito. Il Titolare ha adottato le misure di sicurezza ritenute idonee a garantire la segretezza e la riservatezza dei dati personali, come definito secondo le norme di legge vigenti.<\/p>\n<p>Cookie<\/p>\n<p>Alcune pagine di Sito e App dispongono di cookies non invasivi o dannosi, n\u00e9 contenenti dati personali: l&#8217;unica funzione dei cookies \u00e8 quella di personalizzare la navigazione. L&#8217;Utente pu\u00f2 attivare le impostazioni del proprio browser per rifiutare o scegliere l&#8217;installazione di cookies. Per ulteriori informazioni, si prega di prendere visione della pagina banner cookie e apposita policy cookie<\/p>\n<p>Risoluzione<\/p>\n<p>Il Titolare si riserva il diritto di interdire l&#8217;accesso al Sito, in via permanente o anche temporanea, a sua sola ed esclusiva discrezione. Gli Utenti destinatari del provvedimento di esclusione saranno informati di tale decisione e non potranno successivamente tentare di accedere al Sito.<\/p>\n<p>L&#8217;Utente risponder\u00e0 dei danni di qualsiasi tipo che il Titolare potrebbero subire, direttamente o indirettamente, come conseguenza di qualsiasi violazione degli obblighi derivati dalle Condizioni di Utilizzo relativamente all\u2019uso del Sito. Inoltre, l\u2019Utente manterr\u00e0 il Titolare indenne da qualsiasi sanzione, reclamo o citazione a giudizio da parte di terzi, compresi Enti pubblici, contro il Titolare, i suoi dipendenti o collaboratori, a seguito della violazione dei diritti di terzi da parte dell&#8217;Utente utilizzando il Sito o servizi ad esso connessi in modo contrario a quanto previsto dalle presenti Condizioni.<\/p>\n<p>Modifiche<\/p>\n<p>Il Titolare si riserva il diritto di apportare le modifiche che ritiene opportune, potendo modificare, cancellare e aggiungere nuovi contenuti e\/o servizi cos\u00ec come il modo in cui gli stessi vengono presentati e localizzati.<\/p>\n<p>Durata e Termine<\/p>\n<p>I servizi gratuiti e\/o i contenuti del Sito potranno essere erogati a tempo indeterminato fin quando l\u2019account dell\u2019utente rimarr\u00e0 attivo.<\/p>\n<p>I servizi in abbonamento hanno durata vincolata al periodo di tempo indicato nel Contratto di servizio concordato tra le parti. Il Titolare ha il potere di chiudere, sospendere o interrompere unilateralmente in qualsiasi momento e senza preavviso, la prestazione del Servizio e del Sito.<\/p>\n<p>Legge applicabile e Giurisdizione<\/p>\n<p>Salvo quanto disposto da norme di legge non derogabili, il Tribunale di Firenze sar\u00e0 competente in via esclusiva a dirimere ogni controversia riguardante le presenti Condizioni ed i rapporti dalle stesse regolati.<\/p>\n\t\t\t\t\t\t\t\t<\/div>\n\t\t\t\t<\/div>\n\t\t\t\t<\/div>\n\t\t\t\t\t<\/div>\n\t\t\t\t<\/div>\n\t\t\t\t<\/div>\n\t\t","protected":false},"excerpt":{"rendered":"<p>Terms and Conditions CONDIZIONI E TERMINI DEL SERVIZIO Il sito web landRetrieteve.com \u00e8 di propriet\u00e0 dell\u2019 impresa individuale SB.Land di Silvi Bishanaj, con sede in Certaldo, Via M. Buonarroti, 13, p.iva 07385730481 (di seguito, Titolare). L\u2019accesso al sito web e l\u2019uso dei servizi forniti implica il rispetto e l\u2019accettazione delle presenti Condizioni Generali di Uso [&hellip;]<\/p>\n","protected":false},"author":66,"featured_media":0,"parent":0,"menu_order":0,"comment_status":"closed","ping_status":"closed","template":"elementor_header_footer","meta":{"_acf_changed":false,"footnotes":""},"class_list":["post-29150","page","type-page","status-publish","hentry"],"acf":[],"yoast_head":"<!-- This site is optimized with the Yoast SEO plugin v27.4 - https:\/\/yoast.com\/product\/yoast-seo-wordpress\/ -->\n<title>Terms and Conditions - LandRetrieve.com<\/title>\n<meta name=\"robots\" content=\"index, follow, max-snippet:-1, max-image-preview:large, max-video-preview:-1\" \/>\n<link rel=\"canonical\" href=\"https:\/\/landretrieve.com\/en\/terms-and-conditions\/\" \/>\n<meta property=\"og:locale\" content=\"en_US\" \/>\n<meta property=\"og:type\" content=\"article\" \/>\n<meta property=\"og:title\" content=\"Terms and Conditions - LandRetrieve.com\" \/>\n<meta property=\"og:description\" content=\"Terms and Conditions CONDIZIONI E TERMINI DEL SERVIZIO Il sito web landRetrieteve.com \u00e8 di propriet\u00e0 dell\u2019 impresa individuale SB.Land di Silvi Bishanaj, con sede in Certaldo, Via M. Buonarroti, 13, p.iva 07385730481 (di seguito, Titolare). L\u2019accesso al sito web e l\u2019uso dei servizi forniti implica il rispetto e l\u2019accettazione delle presenti Condizioni Generali di Uso [&hellip;]\" \/>\n<meta property=\"og:url\" content=\"https:\/\/landretrieve.com\/en\/terms-and-conditions\/\" \/>\n<meta property=\"og:site_name\" content=\"LandRetrieve.com\" \/>\n<meta property=\"article:modified_time\" content=\"2024-10-16T14:30:37+00:00\" \/>\n<meta name=\"twitter:card\" content=\"summary_large_image\" \/>\n<meta name=\"twitter:label1\" content=\"Est. reading time\" \/>\n\t<meta name=\"twitter:data1\" content=\"9 minutes\" \/>\n<script type=\"application\/ld+json\" class=\"yoast-schema-graph\">{\"@context\":\"https:\\\/\\\/schema.org\",\"@graph\":[{\"@type\":\"WebPage\",\"@id\":\"https:\\\/\\\/landretrieve.com\\\/en\\\/terms-and-conditions\\\/\",\"url\":\"https:\\\/\\\/landretrieve.com\\\/en\\\/terms-and-conditions\\\/\",\"name\":\"Terms and Conditions - LandRetrieve.com\",\"isPartOf\":{\"@id\":\"https:\\\/\\\/landretrieve.com\\\/en\\\/#website\"},\"datePublished\":\"2023-04-27T12:17:58+00:00\",\"dateModified\":\"2024-10-16T14:30:37+00:00\",\"breadcrumb\":{\"@id\":\"https:\\\/\\\/landretrieve.com\\\/en\\\/terms-and-conditions\\\/#breadcrumb\"},\"inLanguage\":\"en-US\",\"potentialAction\":[{\"@type\":\"ReadAction\",\"target\":[\"https:\\\/\\\/landretrieve.com\\\/en\\\/terms-and-conditions\\\/\"]}]},{\"@type\":\"BreadcrumbList\",\"@id\":\"https:\\\/\\\/landretrieve.com\\\/en\\\/terms-and-conditions\\\/#breadcrumb\",\"itemListElement\":[{\"@type\":\"ListItem\",\"position\":1,\"name\":\"Home\",\"item\":\"https:\\\/\\\/landretrieve.com\\\/en\\\/\"},{\"@type\":\"ListItem\",\"position\":2,\"name\":\"Terms and Conditions\"}]},{\"@type\":\"WebSite\",\"@id\":\"https:\\\/\\\/landretrieve.com\\\/en\\\/#website\",\"url\":\"https:\\\/\\\/landretrieve.com\\\/en\\\/\",\"name\":\"LandRetrieve.com\",\"description\":\"Search villas, farms, cottages, farmhouses and land for sale\",\"publisher\":{\"@id\":\"https:\\\/\\\/landretrieve.com\\\/en\\\/#organization\"},\"potentialAction\":[{\"@type\":\"SearchAction\",\"target\":{\"@type\":\"EntryPoint\",\"urlTemplate\":\"https:\\\/\\\/landretrieve.com\\\/en\\\/?s={search_term_string}\"},\"query-input\":{\"@type\":\"PropertyValueSpecification\",\"valueRequired\":true,\"valueName\":\"search_term_string\"}}],\"inLanguage\":\"en-US\"},{\"@type\":\"Organization\",\"@id\":\"https:\\\/\\\/landretrieve.com\\\/en\\\/#organization\",\"name\":\"LandRetrieve.com\",\"url\":\"https:\\\/\\\/landretrieve.com\\\/en\\\/\",\"logo\":{\"@type\":\"ImageObject\",\"inLanguage\":\"en-US\",\"@id\":\"https:\\\/\\\/landretrieve.com\\\/en\\\/#\\\/schema\\\/logo\\\/image\\\/\",\"url\":\"https:\\\/\\\/landretrieve.com\\\/wp-content\\\/uploads\\\/2023\\\/02\\\/Logo-footer350x-100px-.png\",\"contentUrl\":\"https:\\\/\\\/landretrieve.com\\\/wp-content\\\/uploads\\\/2023\\\/02\\\/Logo-footer350x-100px-.png\",\"width\":350,\"height\":100,\"caption\":\"LandRetrieve.com\"},\"image\":{\"@id\":\"https:\\\/\\\/landretrieve.com\\\/en\\\/#\\\/schema\\\/logo\\\/image\\\/\"}}]}<\/script>\n<!-- \/ Yoast SEO plugin. -->","yoast_head_json":{"title":"Terms and Conditions - LandRetrieve.com","robots":{"index":"index","follow":"follow","max-snippet":"max-snippet:-1","max-image-preview":"max-image-preview:large","max-video-preview":"max-video-preview:-1"},"canonical":"https:\/\/landretrieve.com\/en\/terms-and-conditions\/","og_locale":"en_US","og_type":"article","og_title":"Terms and Conditions - LandRetrieve.com","og_description":"Terms and Conditions CONDIZIONI E TERMINI DEL SERVIZIO Il sito web landRetrieteve.com \u00e8 di propriet\u00e0 dell\u2019 impresa individuale SB.Land di Silvi Bishanaj, con sede in Certaldo, Via M. Buonarroti, 13, p.iva 07385730481 (di seguito, Titolare). L\u2019accesso al sito web e l\u2019uso dei servizi forniti implica il rispetto e l\u2019accettazione delle presenti Condizioni Generali di Uso [&hellip;]","og_url":"https:\/\/landretrieve.com\/en\/terms-and-conditions\/","og_site_name":"LandRetrieve.com","article_modified_time":"2024-10-16T14:30:37+00:00","twitter_card":"summary_large_image","twitter_misc":{"Est. reading time":"9 minutes"},"schema":{"@context":"https:\/\/schema.org","@graph":[{"@type":"WebPage","@id":"https:\/\/landretrieve.com\/en\/terms-and-conditions\/","url":"https:\/\/landretrieve.com\/en\/terms-and-conditions\/","name":"Terms and Conditions - LandRetrieve.com","isPartOf":{"@id":"https:\/\/landretrieve.com\/en\/#website"},"datePublished":"2023-04-27T12:17:58+00:00","dateModified":"2024-10-16T14:30:37+00:00","breadcrumb":{"@id":"https:\/\/landretrieve.com\/en\/terms-and-conditions\/#breadcrumb"},"inLanguage":"en-US","potentialAction":[{"@type":"ReadAction","target":["https:\/\/landretrieve.com\/en\/terms-and-conditions\/"]}]},{"@type":"BreadcrumbList","@id":"https:\/\/landretrieve.com\/en\/terms-and-conditions\/#breadcrumb","itemListElement":[{"@type":"ListItem","position":1,"name":"Home","item":"https:\/\/landretrieve.com\/en\/"},{"@type":"ListItem","position":2,"name":"Terms and Conditions"}]},{"@type":"WebSite","@id":"https:\/\/landretrieve.com\/en\/#website","url":"https:\/\/landretrieve.com\/en\/","name":"LandRetrieve.com","description":"Search villas, farms, cottages, farmhouses and land for sale","publisher":{"@id":"https:\/\/landretrieve.com\/en\/#organization"},"potentialAction":[{"@type":"SearchAction","target":{"@type":"EntryPoint","urlTemplate":"https:\/\/landretrieve.com\/en\/?s={search_term_string}"},"query-input":{"@type":"PropertyValueSpecification","valueRequired":true,"valueName":"search_term_string"}}],"inLanguage":"en-US"},{"@type":"Organization","@id":"https:\/\/landretrieve.com\/en\/#organization","name":"LandRetrieve.com","url":"https:\/\/landretrieve.com\/en\/","logo":{"@type":"ImageObject","inLanguage":"en-US","@id":"https:\/\/landretrieve.com\/en\/#\/schema\/logo\/image\/","url":"https:\/\/landretrieve.com\/wp-content\/uploads\/2023\/02\/Logo-footer350x-100px-.png","contentUrl":"https:\/\/landretrieve.com\/wp-content\/uploads\/2023\/02\/Logo-footer350x-100px-.png","width":350,"height":100,"caption":"LandRetrieve.com"},"image":{"@id":"https:\/\/landretrieve.com\/en\/#\/schema\/logo\/image\/"}}]}},"_links":{"self":[{"href":"https:\/\/landretrieve.com\/en\/wp-json\/wp\/v2\/pages\/29150","targetHints":{"allow":["GET"]}}],"collection":[{"href":"https:\/\/landretrieve.com\/en\/wp-json\/wp\/v2\/pages"}],"about":[{"href":"https:\/\/landretrieve.com\/en\/wp-json\/wp\/v2\/types\/page"}],"author":[{"embeddable":true,"href":"https:\/\/landretrieve.com\/en\/wp-json\/wp\/v2\/users\/66"}],"replies":[{"embeddable":true,"href":"https:\/\/landretrieve.com\/en\/wp-json\/wp\/v2\/comments?post=29150"}],"version-history":[{"count":0,"href":"https:\/\/landretrieve.com\/en\/wp-json\/wp\/v2\/pages\/29150\/revisions"}],"wp:attachment":[{"href":"https:\/\/landretrieve.com\/en\/wp-json\/wp\/v2\/media?parent=29150"}],"curies":[{"name":"wp","href":"https:\/\/api.w.org\/{rel}","templated":true}]}}